{"id":402,"date":"2023-04-26T21:42:24","date_gmt":"2023-04-26T19:42:24","guid":{"rendered":"https:\/\/feriadellibrodeteruel.com\/?page_id=402"},"modified":"2026-04-21T22:21:08","modified_gmt":"2026-04-21T20:21:08","slug":"participantes","status":"publish","type":"page","link":"https:\/\/feriadellibrodeteruel.com\/en\/participantes\/","title":{"rendered":"Participants"},"content":{"rendered":"<section class=\"l-section wpb_row height_auto width_full\"><div class=\"l-section-h i-cf\"><div class=\"g-cols vc_row via_flex valign_top type_default stacking_default\"><div class=\"vc_col-sm-12 wpb_column vc_column_container\"><div class=\"vc_column-inner\"><div class=\"wpb_wrapper\"><section class=\"l-section wpb_row us_custom_90eb5cf5 us_animate_this height_medium\"><div class=\"l-section-h i-cf\"><div class=\"g-cols vc_row via_flex valign_top type_default stacking_default\"><div class=\"vc_col-sm-12 wpb_column vc_column_container\"><div class=\"vc_column-inner\"><div class=\"wpb_wrapper\"><div class=\"g-cols wpb_row via_flex valign_top type_default stacking_default\"><div class=\"vc_col-sm-2 wpb_column vc_column_container\"><div class=\"vc_column-inner\"><div class=\"wpb_wrapper\"><\/div><\/div><\/div><div class=\"vc_col-sm-8 wpb_column vc_column_container\"><div class=\"vc_column-inner\"><div class=\"wpb_wrapper\"><div class=\"w-separator hide_on_default hide_on_laptops size_medium\"><\/div><div class=\"w-separator size_medium\"><\/div><h1 class=\"w-post-elm post_title us_custom_71e79a25 has_text_color us_animate_this align_center entry-title color_link_inherit\">Participantes<\/h1><nav class=\"g-breadcrumbs us_custom_dbf5cde5 has_text_color us_animate_this separator_icon align_center\" itemscope itemtype=\"http:\/\/schema.org\/BreadcrumbList\"><div class=\"g-breadcrumbs-item\" itemscope itemprop=\"itemListElement\" itemtype=\"http:\/\/schema.org\/ListItem\"><a itemprop=\"item\" href=\"https:\/\/feriadellibrodeteruel.com\/en\/\"><span itemprop=\"name\">Home<\/span><\/a><meta itemprop=\"position\" content=\"1\"\/><\/div><div class=\"g-breadcrumbs-separator\"><i class=\"far fa-angle-double-right\"><\/i><\/div><div class=\"g-breadcrumbs-item\">Pages<\/div><\/nav><div class=\"w-separator size_medium\"><\/div><div class=\"w-separator hide_on_default hide_on_laptops size_medium\"><\/div><\/div><\/div><\/div><div class=\"vc_col-sm-2 wpb_column vc_column_container\"><div class=\"vc_column-inner\"><div class=\"wpb_wrapper\"><\/div><\/div><\/div><\/div><\/div><\/div><\/div><\/div><\/div><\/section>\n<\/div><\/div><\/div><\/div><\/div><\/section><section class=\"l-section wpb_row height_large\"><div class=\"l-section-h i-cf\"><div class=\"g-cols vc_row via_flex valign_top type_default stacking_default\"><div class=\"vc_col-sm-12 wpb_column vc_column_container\"><div class=\"vc_column-inner us_custom_f70d789f us_animate_this\"><div class=\"wpb_wrapper\"><div class=\"w-separator hide_on_default hide_on_laptops size_medium\"><\/div><div class=\"g-cols wpb_row via_flex valign_top type_default stacking_default\"><div class=\"vc_col-sm-4 wpb_column vc_column_container\"><div class=\"vc_column-inner us_custom_42b6356d us_animate_this\"><div class=\"wpb_wrapper\"><div class=\"w-separator size_large\"><\/div><div class=\"w-vwrapper align_none valign_middle\" style=\"--vwrapper-gap:0.5rem\"><p class=\"w-text us_custom_6d2c366b has_text_color\"><span class=\"w-text-h\"><span class=\"w-text-value\">PARTICIPANTES<\/span><\/span><\/p><div class=\"wpb_text_column us_custom_08a29153 has_text_color\"><div class=\"wpb_wrapper\"><p>Con\u00f3celos<\/p>\n<\/div><\/div><\/div><div class=\"w-separator size_small\"><\/div><div class=\"wpb_text_column\"><div class=\"wpb_wrapper\"><div class=\"group w-full text-gray-800 dark:text-gray-100 border-b border-black\/10 dark:border-gray-900\/50 bg-gray-50 dark:bg-&#091;#444654&#093;\">\n<div class=\"text-base gap-4 md:gap-6 md:max-w-2xl lg:max-w-xl xl:max-w-3xl p-4 md:py-6 flex lg:px-0 m-auto\">\n<div class=\"relative flex w-&#091;calc(100%-50px)&#093; flex-col gap-1 md:gap-3 lg:w-&#091;calc(100%-115px)&#093;\">\n<div class=\"flex flex-grow flex-col gap-3\">\n<div class=\"min-h-&#091;20px&#093; flex flex-col items-start gap-4 whitespace-pre-wrap break-words\">\n<div class=\"markdown prose w-full break-words dark:prose-invert dark\">\n<p>\u00a1Conoce a los autores y a las librer\u00edas y editoriales que participar\u00e1n en la X edici\u00f3n del Festival del Libro y el C\u00f3mic de Teruel! Haz clic sobre las im\u00e1genes para descubrir m\u00e1s sobre ellos y sus obras.<\/p>\n<\/div>\n<\/div>\n<\/div>\n<\/div>\n<\/div>\n<\/div>\n<\/div><\/div><div class=\"w-separator size_small\"><\/div><div class=\"w-btn-wrapper align_none\"><a class=\"w-btn us-btn-style_1 icon_atright\" href=\"https:\/\/feriadellibrodeteruel.com\/programa-firmas\/\"><span class=\"w-btn-label\">Ver programa completo<\/span><i class=\"far fa-long-arrow-right\"><\/i><\/a><\/div><\/div><\/div><\/div><div class=\"vc_col-sm-8 wpb_column vc_column_container\"><div class=\"vc_column-inner us_custom_df906e38 us_animate_this\"><div class=\"wpb_wrapper\"><div class=\"w-grid type_grid layout_427 cols_2 valign_center overflow_hidden\" id=\"us_grid_1\" style=\"--columns:2;--gap:1rem;\" data-filterable=\"true\"><style>@media (max-width:600px){#us_grid_1{--columns:1!important}}.layout_427 .w-grid-item-h{background:var(--color-content-bg);color:var(--color-content-text);box-shadow:0 0.3rem 0.6rem rgba(0,0,0,0.1),0 1rem 3rem rgba(0,0,0,0.1);transition-duration:0.3s}.layout_427 .usg_post_image_1{margin-bottom:-2rem!important}.layout_427 .usg_post_title_1{margin-top:3rem!important;padding:6% 11% 6% 11%!important}.layout_427 .usg_vwrapper_1{border-radius:0px!important;border:10px solid #ffffff!important}<\/style><div class=\"w-grid-list\">\t<article class=\"w-grid-item size_1x1 custom-link post-430 us_portfolio type-us_portfolio status-publish has-post-thumbnail hentry us_portfolio_category-paginas\" data-id=\"430\">\r\n\t\t<div class=\"w-grid-item-h\">\r\n\t\t\t\t\t\t\t<a href=\"https:\/\/feriadellibrodeteruel.com\/participantes\/autores\/\" aria-label=\"Autores\"><\/a>\r\n\t\t\t\t\t\t<div class=\"w-vwrapper usg_vwrapper_1 sombra-imagen align_none valign_middle\" style=\"--vwrapper-gap:0.5rem\"><div class=\"w-post-elm post_image usg_post_image_1 stretched\"><a href=\"https:\/\/feriadellibrodeteruel.com\/participantes\/autores\/\" aria-label=\"Autores\"><img loading=\"lazy\" decoding=\"async\" width=\"512\" height=\"512\" src=\"https:\/\/feriadellibrodeteruel.com\/wp-content\/uploads\/2023\/04\/autores-01.webp\" class=\"attachment-full size-full wp-post-image\" alt=\"\" srcset=\"https:\/\/feriadellibrodeteruel.com\/wp-content\/uploads\/2023\/04\/autores-01.webp 512w, https:\/\/feriadellibrodeteruel.com\/wp-content\/uploads\/2023\/04\/autores-01-300x300.webp 300w, https:\/\/feriadellibrodeteruel.com\/wp-content\/uploads\/2023\/04\/autores-01-150x150.webp 150w\" sizes=\"auto, (max-width: 512px) 100vw, 512px\" \/><\/a><\/div><h4 class=\"w-post-elm post_title usg_post_title_1 align_center entry-title color_link_inherit\"><a href=\"https:\/\/feriadellibrodeteruel.com\/participantes\/autores\/\">Autores<\/a><\/h4><\/div>\t\t<\/div>\r\n\t\t\t<\/article>\r\n\t<article class=\"w-grid-item size_1x1 custom-link post-432 us_portfolio type-us_portfolio status-publish has-post-thumbnail hentry us_portfolio_category-paginas\" data-id=\"432\">\r\n\t\t<div class=\"w-grid-item-h\">\r\n\t\t\t\t\t\t\t<a href=\"https:\/\/feriadellibrodeteruel.com\/participantes\/librerias-editoriales\/\" aria-label=\"Librer\u00edas y Editoriales\"><\/a>\r\n\t\t\t\t\t\t<div class=\"w-vwrapper usg_vwrapper_1 sombra-imagen align_none valign_middle\" style=\"--vwrapper-gap:0.5rem\"><div class=\"w-post-elm post_image usg_post_image_1 stretched\"><a href=\"https:\/\/feriadellibrodeteruel.com\/participantes\/librerias-editoriales\/\" aria-label=\"Librer\u00edas y Editoriales\"><img loading=\"lazy\" decoding=\"async\" width=\"512\" height=\"512\" src=\"https:\/\/feriadellibrodeteruel.com\/wp-content\/uploads\/2023\/04\/librerias-02.webp\" class=\"attachment-full size-full wp-post-image\" alt=\"\" srcset=\"https:\/\/feriadellibrodeteruel.com\/wp-content\/uploads\/2023\/04\/librerias-02.webp 512w, https:\/\/feriadellibrodeteruel.com\/wp-content\/uploads\/2023\/04\/librerias-02-300x300.webp 300w, https:\/\/feriadellibrodeteruel.com\/wp-content\/uploads\/2023\/04\/librerias-02-150x150.webp 150w\" sizes=\"auto, (max-width: 512px) 100vw, 512px\" \/><\/a><\/div><h4 class=\"w-post-elm post_title usg_post_title_1 align_center entry-title color_link_inherit\"><a href=\"https:\/\/feriadellibrodeteruel.com\/participantes\/librerias-editoriales\/\">Librer\u00edas y Editoriales<\/a><\/h4><\/div>\t\t<\/div>\r\n\t\t\t<\/article>\r\n<\/div><div class=\"w-grid-preloader\">\t<div class=\"g-preloader type_1\">\r\n\t\t<div><\/div>\r\n\t<\/div>\r\n\t<\/div>\t<div class=\"w-grid-json hidden\" onclick='return {&quot;action&quot;:&quot;us_ajax_grid&quot;,&quot;infinite_scroll&quot;:0,&quot;max_num_pages&quot;:1,&quot;pagination&quot;:&quot;none&quot;,&quot;template_vars&quot;:{&quot;columns&quot;:&quot;2&quot;,&quot;exclude_items&quot;:&quot;none&quot;,&quot;img_size&quot;:&quot;default&quot;,&quot;ignore_items_size&quot;:0,&quot;items_layout&quot;:&quot;427&quot;,&quot;items_offset&quot;:&quot;1&quot;,&quot;load_animation&quot;:&quot;none&quot;,&quot;overriding_link&quot;:&quot;{\\&quot;url\\&quot;:\\&quot;\\&quot;}&quot;,&quot;post_id&quot;:0,&quot;query_args&quot;:{&quot;post_type&quot;:[&quot;us_portfolio&quot;],&quot;tax_query&quot;:[{&quot;taxonomy&quot;:&quot;us_portfolio_category&quot;,&quot;field&quot;:&quot;slug&quot;,&quot;terms&quot;:[&quot;paginas&quot;]}],&quot;post_status&quot;:[&quot;publish&quot;],&quot;posts_per_page&quot;:999},&quot;orderby_query_args&quot;:{&quot;orderby&quot;:{&quot;date&quot;:&quot;ASC&quot;}},&quot;type&quot;:&quot;grid&quot;,&quot;us_grid_post_type&quot;:&quot;us_portfolio&quot;,&quot;us_grid_ajax_index&quot;:1,&quot;us_grid_filter_query_string&quot;:null,&quot;us_grid_index&quot;:1,&quot;page_args&quot;:[]}}'><\/div>\r\n\t<\/div><\/div><\/div><\/div><\/div><div class=\"w-separator hide_on_default hide_on_laptops size_medium\"><\/div><\/div><\/div><\/div><\/div><\/div><\/section>\n","protected":false},"excerpt":{"rendered":"","protected":false},"author":2,"featured_media":1174,"parent":0,"menu_order":0,"comment_status":"closed","ping_status":"closed","template":"","meta":{"footnotes":""},"class_list":["post-402","page","type-page","status-publish","has-post-thumbnail","hentry"],"yoast_head":"<!-- This site is optimized with the Yoast SEO plugin v27.4 - https:\/\/yoast.com\/product\/yoast-seo-wordpress\/ -->\n<title>XI Feria del libro y el c\u00f3mic de Teruel | Participantes<\/title>\n<meta name=\"robots\" content=\"index, follow, max-snippet:-1, max-image-preview:large, max-video-preview:-1\" \/>\n<link rel=\"canonical\" href=\"https:\/\/feriadellibrodeteruel.com\/en\/participantes\/\" \/>\n<meta property=\"og:locale\" content=\"en_US\" \/>\n<meta property=\"og:type\" content=\"article\" \/>\n<meta property=\"og:title\" content=\"XI Feria del libro y el c\u00f3mic de Teruel | Participantes\" \/>\n<meta property=\"og:url\" content=\"https:\/\/feriadellibrodeteruel.com\/en\/participantes\/\" \/>\n<meta property=\"og:site_name\" content=\"XI Feria del libro y el c\u00f3mic de Teruel\" \/>\n<meta property=\"article:publisher\" content=\"https:\/\/www.facebook.com\/feriadellibroyelcomicdeteruel\/\" \/>\n<meta property=\"article:modified_time\" content=\"2026-04-21T20:21:08+00:00\" \/>\n<meta property=\"og:image\" content=\"https:\/\/feriadellibrodeteruel.com\/wp-content\/uploads\/2026\/04\/FeriaDelLibroyelComicDeTeruel.jpg\" \/>\n\t<meta property=\"og:image:width\" content=\"1200\" \/>\n\t<meta property=\"og:image:height\" content=\"1200\" \/>\n\t<meta property=\"og:image:type\" content=\"image\/jpeg\" \/>\n<meta name=\"twitter:card\" content=\"summary_large_image\" \/>\n<meta name=\"twitter:site\" content=\"@libroteruel\" \/>\n<meta name=\"twitter:label1\" content=\"Est. reading time\" \/>\n\t<meta name=\"twitter:data1\" content=\"1 minute\" \/>\n<script type=\"application\/ld+json\" class=\"yoast-schema-graph\">{\"@context\":\"https:\\\/\\\/schema.org\",\"@graph\":[{\"@type\":\"WebPage\",\"@id\":\"https:\\\/\\\/feriadellibrodeteruel.com\\\/participantes\\\/\",\"url\":\"https:\\\/\\\/feriadellibrodeteruel.com\\\/participantes\\\/\",\"name\":\"XI Feria del libro y el c\u00f3mic de Teruel | Participantes\",\"isPartOf\":{\"@id\":\"https:\\\/\\\/feriadellibrodeteruel.com\\\/#website\"},\"primaryImageOfPage\":{\"@id\":\"https:\\\/\\\/feriadellibrodeteruel.com\\\/participantes\\\/#primaryimage\"},\"image\":{\"@id\":\"https:\\\/\\\/feriadellibrodeteruel.com\\\/participantes\\\/#primaryimage\"},\"thumbnailUrl\":\"https:\\\/\\\/feriadellibrodeteruel.com\\\/wp-content\\\/uploads\\\/2026\\\/04\\\/FeriaDelLibroyelComicDeTeruel.jpg\",\"datePublished\":\"2023-04-26T19:42:24+00:00\",\"dateModified\":\"2026-04-21T20:21:08+00:00\",\"breadcrumb\":{\"@id\":\"https:\\\/\\\/feriadellibrodeteruel.com\\\/participantes\\\/#breadcrumb\"},\"inLanguage\":\"en-US\",\"potentialAction\":[{\"@type\":\"ReadAction\",\"target\":[\"https:\\\/\\\/feriadellibrodeteruel.com\\\/participantes\\\/\"]}]},{\"@type\":\"ImageObject\",\"inLanguage\":\"en-US\",\"@id\":\"https:\\\/\\\/feriadellibrodeteruel.com\\\/participantes\\\/#primaryimage\",\"url\":\"https:\\\/\\\/feriadellibrodeteruel.com\\\/wp-content\\\/uploads\\\/2026\\\/04\\\/FeriaDelLibroyelComicDeTeruel.jpg\",\"contentUrl\":\"https:\\\/\\\/feriadellibrodeteruel.com\\\/wp-content\\\/uploads\\\/2026\\\/04\\\/FeriaDelLibroyelComicDeTeruel.jpg\",\"width\":1200,\"height\":1200},{\"@type\":\"BreadcrumbList\",\"@id\":\"https:\\\/\\\/feriadellibrodeteruel.com\\\/participantes\\\/#breadcrumb\",\"itemListElement\":[{\"@type\":\"ListItem\",\"position\":1,\"name\":\"Portada\",\"item\":\"https:\\\/\\\/feriadellibrodeteruel.com\\\/\"},{\"@type\":\"ListItem\",\"position\":2,\"name\":\"Participantes\"}]},{\"@type\":\"WebSite\",\"@id\":\"https:\\\/\\\/feriadellibrodeteruel.com\\\/#website\",\"url\":\"https:\\\/\\\/feriadellibrodeteruel.com\\\/\",\"name\":\"Feria del libro y el c\u00f3mic de Teruel\",\"description\":\"\",\"publisher\":{\"@id\":\"https:\\\/\\\/feriadellibrodeteruel.com\\\/#organization\"},\"potentialAction\":[{\"@type\":\"SearchAction\",\"target\":{\"@type\":\"EntryPoint\",\"urlTemplate\":\"https:\\\/\\\/feriadellibrodeteruel.com\\\/?s={search_term_string}\"},\"query-input\":{\"@type\":\"PropertyValueSpecification\",\"valueRequired\":true,\"valueName\":\"search_term_string\"}}],\"inLanguage\":\"en-US\"},{\"@type\":\"Organization\",\"@id\":\"https:\\\/\\\/feriadellibrodeteruel.com\\\/#organization\",\"name\":\"Feria del libro y el c\u00f3mic de Teruel\",\"url\":\"https:\\\/\\\/feriadellibrodeteruel.com\\\/\",\"logo\":{\"@type\":\"ImageObject\",\"inLanguage\":\"en-US\",\"@id\":\"https:\\\/\\\/feriadellibrodeteruel.com\\\/#\\\/schema\\\/logo\\\/image\\\/\",\"url\":\"https:\\\/\\\/feriadellibrodeteruel.com\\\/wp-content\\\/uploads\\\/2023\\\/04\\\/FeriaDelLibroyelComicDeTeruel.jpg\",\"contentUrl\":\"https:\\\/\\\/feriadellibrodeteruel.com\\\/wp-content\\\/uploads\\\/2023\\\/04\\\/FeriaDelLibroyelComicDeTeruel.jpg\",\"width\":1200,\"height\":1200,\"caption\":\"Feria del libro y el c\u00f3mic de Teruel\"},\"image\":{\"@id\":\"https:\\\/\\\/feriadellibrodeteruel.com\\\/#\\\/schema\\\/logo\\\/image\\\/\"},\"sameAs\":[\"https:\\\/\\\/www.facebook.com\\\/feriadellibroyelcomicdeteruel\\\/\",\"https:\\\/\\\/x.com\\\/libroteruel\"]}]}<\/script>\n<!-- \/ Yoast SEO plugin. -->","yoast_head_json":{"title":"XI Feria del libro y el c\u00f3mic de Teruel | Participantes","robots":{"index":"index","follow":"follow","max-snippet":"max-snippet:-1","max-image-preview":"max-image-preview:large","max-video-preview":"max-video-preview:-1"},"canonical":"https:\/\/feriadellibrodeteruel.com\/en\/participantes\/","og_locale":"en_US","og_type":"article","og_title":"XI Feria del libro y el c\u00f3mic de Teruel | Participantes","og_url":"https:\/\/feriadellibrodeteruel.com\/en\/participantes\/","og_site_name":"XI Feria del libro y el c\u00f3mic de Teruel","article_publisher":"https:\/\/www.facebook.com\/feriadellibroyelcomicdeteruel\/","article_modified_time":"2026-04-21T20:21:08+00:00","og_image":[{"width":1200,"height":1200,"url":"https:\/\/feriadellibrodeteruel.com\/wp-content\/uploads\/2026\/04\/FeriaDelLibroyelComicDeTeruel.jpg","type":"image\/jpeg"}],"twitter_card":"summary_large_image","twitter_site":"@libroteruel","twitter_misc":{"Est. reading time":"1 minute"},"schema":{"@context":"https:\/\/schema.org","@graph":[{"@type":"WebPage","@id":"https:\/\/feriadellibrodeteruel.com\/participantes\/","url":"https:\/\/feriadellibrodeteruel.com\/participantes\/","name":"XI Feria del libro y el c\u00f3mic de Teruel | Participantes","isPartOf":{"@id":"https:\/\/feriadellibrodeteruel.com\/#website"},"primaryImageOfPage":{"@id":"https:\/\/feriadellibrodeteruel.com\/participantes\/#primaryimage"},"image":{"@id":"https:\/\/feriadellibrodeteruel.com\/participantes\/#primaryimage"},"thumbnailUrl":"https:\/\/feriadellibrodeteruel.com\/wp-content\/uploads\/2026\/04\/FeriaDelLibroyelComicDeTeruel.jpg","datePublished":"2023-04-26T19:42:24+00:00","dateModified":"2026-04-21T20:21:08+00:00","breadcrumb":{"@id":"https:\/\/feriadellibrodeteruel.com\/participantes\/#breadcrumb"},"inLanguage":"en-US","potentialAction":[{"@type":"ReadAction","target":["https:\/\/feriadellibrodeteruel.com\/participantes\/"]}]},{"@type":"ImageObject","inLanguage":"en-US","@id":"https:\/\/feriadellibrodeteruel.com\/participantes\/#primaryimage","url":"https:\/\/feriadellibrodeteruel.com\/wp-content\/uploads\/2026\/04\/FeriaDelLibroyelComicDeTeruel.jpg","contentUrl":"https:\/\/feriadellibrodeteruel.com\/wp-content\/uploads\/2026\/04\/FeriaDelLibroyelComicDeTeruel.jpg","width":1200,"height":1200},{"@type":"BreadcrumbList","@id":"https:\/\/feriadellibrodeteruel.com\/participantes\/#breadcrumb","itemListElement":[{"@type":"ListItem","position":1,"name":"Portada","item":"https:\/\/feriadellibrodeteruel.com\/"},{"@type":"ListItem","position":2,"name":"Participantes"}]},{"@type":"WebSite","@id":"https:\/\/feriadellibrodeteruel.com\/#website","url":"https:\/\/feriadellibrodeteruel.com\/","name":"Feria del libro y el c\u00f3mic de Teruel","description":"","publisher":{"@id":"https:\/\/feriadellibrodeteruel.com\/#organization"},"potentialAction":[{"@type":"SearchAction","target":{"@type":"EntryPoint","urlTemplate":"https:\/\/feriadellibrodeteruel.com\/?s={search_term_string}"},"query-input":{"@type":"PropertyValueSpecification","valueRequired":true,"valueName":"search_term_string"}}],"inLanguage":"en-US"},{"@type":"Organization","@id":"https:\/\/feriadellibrodeteruel.com\/#organization","name":"Feria del libro y el c\u00f3mic de Teruel","url":"https:\/\/feriadellibrodeteruel.com\/","logo":{"@type":"ImageObject","inLanguage":"en-US","@id":"https:\/\/feriadellibrodeteruel.com\/#\/schema\/logo\/image\/","url":"https:\/\/feriadellibrodeteruel.com\/wp-content\/uploads\/2023\/04\/FeriaDelLibroyelComicDeTeruel.jpg","contentUrl":"https:\/\/feriadellibrodeteruel.com\/wp-content\/uploads\/2023\/04\/FeriaDelLibroyelComicDeTeruel.jpg","width":1200,"height":1200,"caption":"Feria del libro y el c\u00f3mic de Teruel"},"image":{"@id":"https:\/\/feriadellibrodeteruel.com\/#\/schema\/logo\/image\/"},"sameAs":["https:\/\/www.facebook.com\/feriadellibroyelcomicdeteruel\/","https:\/\/x.com\/libroteruel"]}]}},"_links":{"self":[{"href":"https:\/\/feriadellibrodeteruel.com\/en\/wp-json\/wp\/v2\/pages\/402","targetHints":{"allow":["GET"]}}],"collection":[{"href":"https:\/\/feriadellibrodeteruel.com\/en\/wp-json\/wp\/v2\/pages"}],"about":[{"href":"https:\/\/feriadellibrodeteruel.com\/en\/wp-json\/wp\/v2\/types\/page"}],"author":[{"embeddable":true,"href":"https:\/\/feriadellibrodeteruel.com\/en\/wp-json\/wp\/v2\/users\/2"}],"replies":[{"embeddable":true,"href":"https:\/\/feriadellibrodeteruel.com\/en\/wp-json\/wp\/v2\/comments?post=402"}],"version-history":[{"count":0,"href":"https:\/\/feriadellibrodeteruel.com\/en\/wp-json\/wp\/v2\/pages\/402\/revisions"}],"wp:featuredmedia":[{"embeddable":true,"href":"https:\/\/feriadellibrodeteruel.com\/en\/wp-json\/wp\/v2\/media\/1174"}],"wp:attachment":[{"href":"https:\/\/feriadellibrodeteruel.com\/en\/wp-json\/wp\/v2\/media?parent=402"}],"curies":[{"name":"wp","href":"https:\/\/api.w.org\/{rel}","templated":true}]}}